{"id":1224,"date":"2020-08-24T10:52:51","date_gmt":"2020-08-24T10:52:51","guid":{"rendered":"https:\/\/rssolucionesarquitectonicas.com.mx\/?page_id=1224"},"modified":"2024-02-06T01:24:42","modified_gmt":"2024-02-06T01:24:42","slug":"inicio","status":"publish","type":"page","link":"https:\/\/rssolucionesarquitectonicas.com.mx\/","title":{"rendered":"Inicio"},"content":{"rendered":"\n<div class=\"wp-block-uagb-container uagb-block-757a285b alignfull uagb-is-root-container\"><div class=\"uagb-container-inner-blocks-wrap\">\n<div class=\"wp-block-uagb-container uagb-block-23710801\">\n<div class=\"wp-block-uagb-info-box uagb-block-4824fcea uagb-infobox__content-wrap  uagb-infobox-icon-above-title uagb-infobox-image-valign-top\"><div class=\"uagb-ifb-content\"><div class=\"uagb-ifb-title-wrap\"><h1 class=\"uagb-ifb-title\">RS Soluciones Arquitect\u00f3nicas\u200b<\/h1><\/div><p class=\"uagb-ifb-desc\"><strong>Somos un equipo dedicado a dar vida a tus visiones m\u00e1s audaces. Ya sea que est\u00e9s buscando dise\u00f1ar tu hogar de ensue\u00f1o, planificar una remodelaci\u00f3n impactante o crear un espacio comercial innovador, estamos aqu\u00ed para ofrecerte soluciones de dise\u00f1o de vanguardia y servicios profesionales de arquitectura<\/strong><\/p><div class=\"uagb-ifb-button-wrapper wp-block-button\"><a href=\"https:\/\/rssolucionesarquitectonicas.com.mx\/?page_id=1182\" class=\"uagb-infobox-cta-link wp-block-button__link\" target=\"_self\" rel=\"noopener noreferrer\" onclick=\"return true;\" alt=\"\"><span class=\"uagb-inline-editing\">nuestros Proyectos<\/span><\/a><\/div><\/div><\/div>\n<\/div>\n\n\n\n<div class=\"wp-block-uagb-container uag-blocks-common-selector uagb-block-ec9c6565\">\n<figure class=\"wp-block-video\"><video autoplay loop muted src=\"https:\/\/rssolucionesarquitectonicas.com.mx\/wp-content\/uploads\/2024\/02\/Video-de-WhatsApp-2024-02-01-a-las-17.42.31_7ac339b6-1.mp4\"><\/video><\/figure>\n\n\n\n<div class=\"wp-block-uagb-icon-list uagb-block-bf30a7ab\"><div class=\"uagb-icon-list__wrap\">\n<div class=\"wp-block-uagb-icon-list-child uagb-block-f1f237e5\"><a target=\"_self\" aria-label=\"Le\u00f3n, Guanajuato, M\u00e9xico\" rel=\"noopener noreferrer\" href=\"#\"> <\/a><span class=\"uagb-icon-list__source-wrap\"><svg xmlns=\"https:\/\/www.w3.org\/2000\/svg\" viewBox=\"0 0 320 512\"><path d=\"M320 144C320 223.5 255.5 288 176 288C96.47 288 32 223.5 32 144C32 64.47 96.47 0 176 0C255.5 0 320 64.47 320 144zM192 64C192 55.16 184.8 48 176 48C122.1 48 80 90.98 80 144C80 152.8 87.16 160 96 160C104.8 160 112 152.8 112 144C112 108.7 140.7 80 176 80C184.8 80 192 72.84 192 64zM144 480V317.1C154.4 319 165.1 319.1 176 319.1C186.9 319.1 197.6 319 208 317.1V480C208 497.7 193.7 512 176 512C158.3 512 144 497.7 144 480z\"><\/path><\/svg><\/span><span class=\"uagb-icon-list__label\">Le\u00f3n, Guanajuato, M\u00e9xico<\/span><\/div>\n<\/div><\/div>\n<\/div>\n<\/div><\/div>\n\n\n\n<div style=\"height:50px\" aria-hidden=\"true\" class=\"wp-block-spacer\"><\/div>\n\n\n\n<div class=\"wp-block-uagb-container uag-blocks-common-selector uagb-block-64e2b5e6 alignfull uagb-is-root-container\"><div class=\"uagb-container-inner-blocks-wrap\">\n<div class=\"wp-block-uagb-advanced-heading uagb-block-2d140be5\"><h2 class=\"uagb-heading-text\">CADA ESPACIO CUENTA<\/h2><\/div>\n\n\n\n<div class=\"wp-block-uagb-advanced-heading uagb-block-9f784962\"><h6 class=\"uagb-heading-text\"><strong><strong>Cada Espacio Cuenta<\/strong><\/strong><\/h6><p class=\"uagb-desc-text\">\u00bfPORQUE ELEGIRNOS?<\/p><\/div>\n\n\n\n<div class=\"wp-block-uagb-container uagb-block-ecea7b94\">\n<div class=\"wp-block-uagb-container uagb-block-f824bb08\">\n<div class=\"wp-block-uagb-info-box uagb-block-9b48cf58 uagb-infobox__content-wrap  uagb-infobox-icon-above-title uagb-infobox-image-valign-top\"><div class=\"uagb-ifb-content\"><div class=\"uagb-ifb-icon-wrap\"><div class=\"uagb-iconbox-icon-wrap uagb-infobox-shape-circle\"><svg xmlns=\"https:\/\/www.w3.org\/2000\/svg\" viewBox=\"0 0 448 512\"><path d=\"M160 32V64H288V32C288 14.33 302.3 0 320 0C337.7 0 352 14.33 352 32V64H400C426.5 64 448 85.49 448 112V160H0V112C0 85.49 21.49 64 48 64H96V32C96 14.33 110.3 0 128 0C145.7 0 160 14.33 160 32zM0 192H448V464C448 490.5 426.5 512 400 512H48C21.49 512 0 490.5 0 464V192zM328.1 304.1C338.3 295.6 338.3 280.4 328.1 271C319.6 261.7 304.4 261.7 295 271L200 366.1L152.1 319C143.6 309.7 128.4 309.7 119 319C109.7 328.4 109.7 343.6 119 352.1L183 416.1C192.4 426.3 207.6 426.3 216.1 416.1L328.1 304.1z\"><\/path><\/svg><\/div><\/div><div class=\"uagb-ifb-title-wrap\"><h3 class=\"uagb-ifb-title\"><strong>Dise\u00f1o Arquitectonico<\/strong><\/h3><\/div><p class=\"uagb-ifb-desc\">Desarrollamos planos detallados y completos para tu proyecto, desde la concepci\u00f3n hasta la construcci\u00f3n, asegurando un proceso sin problemas y resultados excepcionales.<\/p><\/div><\/div>\n\n\n\n<div class=\"wp-block-uagb-info-box uagb-block-80b4fb55 uagb-infobox__content-wrap  uagb-infobox-icon-above-title uagb-infobox-image-valign-top\"><div class=\"uagb-ifb-content\"><div class=\"uagb-ifb-icon-wrap\"><div class=\"uagb-iconbox-icon-wrap uagb-infobox-shape-circle\"><svg xmlns=\"https:\/\/www.w3.org\/2000\/svg\" viewBox=\"0 0 512 512\"><path d=\"M0 464V48C0 21.49 21.49 0 48 0H144C170.5 0 192 21.49 192 48V96H112C103.2 96 96 103.2 96 112C96 120.8 103.2 128 112 128H192V192H112C103.2 192 96 199.2 96 208C96 216.8 103.2 224 112 224H192V288H112C103.2 288 96 295.2 96 304C96 312.8 103.2 320 112 320H192V400C192 408.8 199.2 416 208 416C216.8 416 224 408.8 224 400V320H288V400C288 408.8 295.2 416 304 416C312.8 416 320 408.8 320 400V320H384V400C384 408.8 391.2 416 400 416C408.8 416 416 408.8 416 400V320H464C490.5 320 512 341.5 512 368V464C512 490.5 490.5 512 464 512H48C23.15 512 2.706 493.1 .2477 468.9C.0838 467.3 0 465.7 0 464z\"><\/path><\/svg><\/div><\/div><div class=\"uagb-ifb-title-wrap\"><h3 class=\"uagb-ifb-title\"><strong><strong>Remodelaci\u00f3n de Espacios<\/strong><\/strong><\/h3><\/div><p class=\"uagb-ifb-desc\">Transformamos espacios existentes en obras maestras modernas, optimizando la funcionalidad y la est\u00e9tica.<br><br><\/p><\/div><\/div>\n<\/div>\n\n\n\n<div class=\"wp-block-uagb-container uagb-block-84322270\">\n<div class=\"wp-block-uagb-info-box uagb-block-bb9a24ba uagb-infobox__content-wrap  uagb-infobox-icon-above-title uagb-infobox-image-valign-top\"><div class=\"uagb-ifb-content\"><div class=\"uagb-ifb-icon-wrap\"><div class=\"uagb-iconbox-icon-wrap uagb-infobox-shape-circle\"><svg xmlns=\"https:\/\/www.w3.org\/2000\/svg\" viewBox=\"0 0 512 512\"><path d=\"M234.5 5.709C248.4 .7377 263.6 .7377 277.5 5.709L469.5 74.28C494.1 83.38 512 107.5 512 134.6V377.4C512 404.5 494.1 428.6 469.5 437.7L277.5 506.3C263.6 511.3 248.4 511.3 234.5 506.3L42.47 437.7C17 428.6 0 404.5 0 377.4V134.6C0 107.5 17 83.38 42.47 74.28L234.5 5.709zM256 65.98L82.34 128L256 190L429.7 128L256 65.98zM288 434.6L448 377.4V189.4L288 246.6V434.6z\"><\/path><\/svg><\/div><\/div><div class=\"uagb-ifb-title-wrap\"><h3 class=\"uagb-ifb-title\"><strong><strong>Dise\u00f1o Interior<\/strong><\/strong><\/h3><\/div><p class=\"uagb-ifb-desc\">Cuidamos cada detalle, desde la elecci\u00f3n de muebles hasta la paleta de colores, para lograr interiores impresionantes.<br><\/p><\/div><\/div>\n\n\n\n<div class=\"wp-block-uagb-info-box uagb-block-c8fef729 uagb-infobox__content-wrap  uagb-infobox-icon-above-title uagb-infobox-image-valign-top\"><div class=\"uagb-ifb-content\"><div class=\"uagb-ifb-icon-wrap\"><div class=\"uagb-iconbox-icon-wrap uagb-infobox-shape-circle\"><svg xmlns=\"https:\/\/www.w3.org\/2000\/svg\" viewBox=\"0 0 576 512\"><path d=\"M511.8 287.6L512.5 447.7C512.5 450.5 512.3 453.1 512 455.8V472C512 494.1 494.1 512 472 512H456C454.9 512 453.8 511.1 452.7 511.9C451.3 511.1 449.9 512 448.5 512H392C369.9 512 352 494.1 352 472V384C352 366.3 337.7 352 320 352H256C238.3 352 224 366.3 224 384V472C224 494.1 206.1 512 184 512H128.1C126.6 512 125.1 511.9 123.6 511.8C122.4 511.9 121.2 512 120 512H104C81.91 512 64 494.1 64 472V360C64 359.1 64.03 358.1 64.09 357.2V287.6H32.05C14.02 287.6 0 273.5 0 255.5C0 246.5 3.004 238.5 10.01 231.5L266.4 8.016C273.4 1.002 281.4 0 288.4 0C295.4 0 303.4 2.004 309.5 7.014L416 100.7V64C416 46.33 430.3 32 448 32H480C497.7 32 512 46.33 512 64V185L564.8 231.5C572.8 238.5 576.9 246.5 575.8 255.5C575.8 273.5 560.8 287.6 543.8 287.6L511.8 287.6z\"><\/path><\/svg><\/div><\/div><div class=\"uagb-ifb-title-wrap\"><h3 class=\"uagb-ifb-title\"><strong><strong><strong>Dise\u00f1o Personalizado<\/strong><\/strong><\/strong><\/h3><\/div><p class=\"uagb-ifb-desc\">Cada proyecto es \u00fanico, y adaptamos nuestras soluciones para satisfacer tus necesidades espec\u00edficas y tus deseos m\u00e1s profundos.<br><br><\/p><\/div><\/div>\n<\/div>\n\n\n\n<div class=\"wp-block-uagb-container uagb-block-e63a5cf5\">\n<div class=\"wp-block-uagb-info-box uagb-block-5ebbd748 uagb-infobox__content-wrap  uagb-infobox-icon-above-title uagb-infobox-image-valign-top\"><div class=\"uagb-ifb-content\"><div class=\"uagb-ifb-icon-wrap\"><div class=\"uagb-iconbox-icon-wrap uagb-infobox-shape-circle\"><svg xmlns=\"https:\/\/www.w3.org\/2000\/svg\" viewBox=\"0 0 384 512\"><path d=\"M336 0C362.5 0 384 21.49 384 48V464C384 490.5 362.5 512 336 512H240V432C240 405.5 218.5 384 192 384C165.5 384 144 405.5 144 432V512H48C21.49 512 0 490.5 0 464V48C0 21.49 21.49 0 48 0H336zM64 272C64 280.8 71.16 288 80 288H112C120.8 288 128 280.8 128 272V240C128 231.2 120.8 224 112 224H80C71.16 224 64 231.2 64 240V272zM176 224C167.2 224 160 231.2 160 240V272C160 280.8 167.2 288 176 288H208C216.8 288 224 280.8 224 272V240C224 231.2 216.8 224 208 224H176zM256 272C256 280.8 263.2 288 272 288H304C312.8 288 320 280.8 320 272V240C320 231.2 312.8 224 304 224H272C263.2 224 256 231.2 256 240V272zM80 96C71.16 96 64 103.2 64 112V144C64 152.8 71.16 160 80 160H112C120.8 160 128 152.8 128 144V112C128 103.2 120.8 96 112 96H80zM160 144C160 152.8 167.2 160 176 160H208C216.8 160 224 152.8 224 144V112C224 103.2 216.8 96 208 96H176C167.2 96 160 103.2 160 112V144zM272 96C263.2 96 256 103.2 256 112V144C256 152.8 263.2 160 272 160H304C312.8 160 320 152.8 320 144V112C320 103.2 312.8 96 304 96H272z\"><\/path><\/svg><\/div><\/div><div class=\"uagb-ifb-title-wrap\"><h3 class=\"uagb-ifb-title\"><strong><strong>Dise\u00f1o Comercial\u200b<\/strong><\/strong><\/h3><\/div><p class=\"uagb-ifb-desc\">Creamos entornos comerciales atractivos y funcionales que impulsan el \u00e9xito de tu negocio.<br><\/p><\/div><\/div>\n\n\n\n<div class=\"wp-block-uagb-info-box uagb-block-227f70e4 uagb-infobox__content-wrap  uagb-infobox-icon-above-title uagb-infobox-image-valign-top\"><div class=\"uagb-ifb-content\"><div class=\"uagb-ifb-icon-wrap\"><div class=\"uagb-iconbox-icon-wrap uagb-infobox-shape-circle\"><svg xmlns=\"https:\/\/www.w3.org\/2000\/svg\" viewBox=\"0 0 512 512\"><path d=\"M320 336c0 8.844-7.156 16-16 16h-96C199.2 352 192 344.8 192 336V288H0v144C0 457.6 22.41 480 48 480h416c25.59 0 48-22.41 48-48V288h-192V336zM464 96H384V48C384 22.41 361.6 0 336 0h-160C150.4 0 128 22.41 128 48V96H48C22.41 96 0 118.4 0 144V256h512V144C512 118.4 489.6 96 464 96zM336 96h-160V48h160V96z\"><\/path><\/svg><\/div><\/div><div class=\"uagb-ifb-title-wrap\"><h3 class=\"uagb-ifb-title\"><strong><strong><strong>Asesor\u00eda<\/strong><\/strong><\/strong><\/h3><\/div><p class=\"uagb-ifb-desc\">Ofrecemos servicios de asesoramiento y consultor\u00eda para brindarte orientaci\u00f3n experta en aspectos t\u00e9cnicos y creativos de tu proyecto.<br><br><\/p><\/div><\/div>\n<\/div>\n<\/div>\n<\/div><\/div>\n","protected":false},"excerpt":{"rendered":"<p>CADA ESPACIO CUENTA Cada Espacio Cuenta \u00bfPORQUE ELEGIRNOS?<\/p>\n","protected":false},"author":1,"featured_media":0,"parent":0,"menu_order":0,"comment_status":"closed","ping_status":"closed","template":"","meta":{"_uag_custom_page_level_css":"","site-sidebar-layout":"no-sidebar","site-content-layout":"plain-container","ast-site-content-layout":"normal-width-container","site-content-style":"unboxed","site-sidebar-style":"unboxed","ast-global-header-display":"","ast-banner-title-visibility":"","ast-main-header-display":"","ast-hfb-above-header-display":"","ast-hfb-below-header-display":"","ast-hfb-mobile-header-display":"","site-post-title":"disabled","ast-breadcrumbs-content":"","ast-featured-img":"disabled","footer-sml-layout":"","theme-transparent-header-meta":"enabled","adv-header-id-meta":"","stick-header-meta":"","header-above-stick-meta":"","header-main-stick-meta":"","header-below-stick-meta":"","astra-migrate-meta-layouts":"set","ast-page-background-enabled":"default","ast-page-background-meta":{"desktop":{"background-color":"","background-image":"","background-repeat":"repeat","background-position":"center center","background-size":"auto","background-attachment":"scroll","background-type":"","background-media":"","overlay-type":"","overlay-color":"","overlay-opacity":"","overlay-gradient":""},"tablet":{"background-color":"","background-image":"","background-repeat":"repeat","background-position":"center center","background-size":"auto","background-attachment":"scroll","background-type":"","background-media":"","overlay-type":"","overlay-color":"","overlay-opacity":"","overlay-gradient":""},"mobile":{"background-color":"","background-image":"","background-repeat":"repeat","background-position":"center center","background-size":"auto","background-attachment":"scroll","background-type":"","background-media":"","overlay-type":"","overlay-color":"","overlay-opacity":"","overlay-gradient":""}},"ast-content-background-meta":{"desktop":{"background-color":"var(--ast-global-color-5)","background-image":"","background-repeat":"repeat","background-position":"center center","background-size":"auto","background-attachment":"scroll","background-type":"","background-media":"","overlay-type":"","overlay-color":"","overlay-opacity":"","overlay-gradient":""},"tablet":{"background-color":"var(--ast-global-color-5)","background-image":"","background-repeat":"repeat","background-position":"center center","background-size":"auto","background-attachment":"scroll","background-type":"","background-media":"","overlay-type":"","overlay-color":"","overlay-opacity":"","overlay-gradient":""},"mobile":{"background-color":"var(--ast-global-color-5)","background-image":"","background-repeat":"repeat","background-position":"center center","background-size":"auto","background-attachment":"scroll","background-type":"","background-media":"","overlay-type":"","overlay-color":"","overlay-opacity":"","overlay-gradient":""}},"_joinchat":[],"footnotes":""},"class_list":["post-1224","page","type-page","status-publish","hentry"],"uagb_featured_image_src":{"full":false,"thumbnail":false,"medium":false,"medium_large":false,"large":false,"1536x1536":false,"2048x2048":false},"uagb_author_info":{"display_name":"rssolucionesarquitectonicas.com.mx","author_link":"https:\/\/rssolucionesarquitectonicas.com.mx\/?author=1"},"uagb_comment_info":0,"uagb_excerpt":"CADA ESPACIO CUENTA Cada Espacio Cuenta \u00bfPORQUE ELEGIRNOS?","_links":{"self":[{"href":"https:\/\/rssolucionesarquitectonicas.com.mx\/index.php?rest_route=\/wp\/v2\/pages\/1224","targetHints":{"allow":["GET"]}}],"collection":[{"href":"https:\/\/rssolucionesarquitectonicas.com.mx\/index.php?rest_route=\/wp\/v2\/pages"}],"about":[{"href":"https:\/\/rssolucionesarquitectonicas.com.mx\/index.php?rest_route=\/wp\/v2\/types\/page"}],"author":[{"embeddable":true,"href":"https:\/\/rssolucionesarquitectonicas.com.mx\/index.php?rest_route=\/wp\/v2\/users\/1"}],"replies":[{"embeddable":true,"href":"https:\/\/rssolucionesarquitectonicas.com.mx\/index.php?rest_route=%2Fwp%2Fv2%2Fcomments&post=1224"}],"version-history":[{"count":62,"href":"https:\/\/rssolucionesarquitectonicas.com.mx\/index.php?rest_route=\/wp\/v2\/pages\/1224\/revisions"}],"predecessor-version":[{"id":2977,"href":"https:\/\/rssolucionesarquitectonicas.com.mx\/index.php?rest_route=\/wp\/v2\/pages\/1224\/revisions\/2977"}],"wp:attachment":[{"href":"https:\/\/rssolucionesarquitectonicas.com.mx\/index.php?rest_route=%2Fwp%2Fv2%2Fmedia&parent=1224"}],"curies":[{"name":"wp","href":"https:\/\/api.w.org\/{rel}","templated":true}]}}